{"id":70,"date":"2018-01-26T22:18:49","date_gmt":"2018-01-26T21:18:49","guid":{"rendered":"http:\/\/wwwu.aau.at\/bemeixne\/zumsee\/?page_id=70"},"modified":"2025-04-26T11:32:23","modified_gmt":"2025-04-26T09:32:23","slug":"wohnung-3","status":"publish","type":"page","link":"https:\/\/me.aau.at\/~bemeixne\/zumsee\/wohnung-3\/","title":{"rendered":"Wohnung 3"},"content":{"rendered":"<p><img loading=\"lazy\" decoding=\"async\" class=\"size-medium wp-image-138 alignright\" src=\"http:\/\/wwwu.aau.at\/bemeixne\/zumsee\/wp-content\/uploads\/wng3-300x225.jpg\" alt=\"\" width=\"300\" height=\"225\" srcset=\"https:\/\/me.aau.at\/~bemeixne\/zumsee\/wp-content\/uploads\/wng3-300x225.jpg 300w, https:\/\/me.aau.at\/~bemeixne\/zumsee\/wp-content\/uploads\/wng3.jpg 320w\" sizes=\"auto, (max-width: 300px) 100vw, 300px\" \/>45m\u00b2 &#8211; bis 3 Personen.<\/p>\n<p>Vorraum, Wohnraum mit Doppelbett-Zimmer (durch Vorhang getrennt), K\u00fcche mit E\u00dfbar, zus\u00e4tzlich ein Einbett-Zimmer, Bad mit Dusche und Bidet, extra WC, Balkon zum See.<\/p>\n<div id=\"gt3pg_gallery1\" class=\"gt3pg_galleryid-70 gt3pg_gallery-columns-3 gt3pg_photo_gallery gt3pg-corner-type-standard gt3pg_hover-default gt3pg-type-circle\" data-size=\"medium\" data-type=\"circle\" data-corner=\"standard\" data-link=\"lightbox\" data-margin=\"30\" data-instance=\"1\"><figure class=\"gt3pg_gallery-item gt3pg_element\"><div class=\"gt3pg_item_main_wrapper\"><div class=\"gt3pg_item-wrapper\"><a href=\"https:\/\/me.aau.at\/~bemeixne\/zumsee\/wp-content\/uploads\/IMG_0310-300x225.jpg\" class=\"gt3pg_swipebox \" data-description=\"\"><div class=\"gt3pg_img_wrap landscape\" style=\"background-image: url(https:\/\/me.aau.at\/~bemeixne\/zumsee\/wp-content\/uploads\/IMG_0310-300x225.jpg);\" data-width=\"4032\" data-height=\"3024\" data-i=\"1\" >\r\n<img decoding=\"async\" src=\"https:\/\/me.aau.at\/~bemeixne\/zumsee\/wp-content\/uploads\/IMG_0310-300x225.jpg\" title=\"Wohnung Nr. 3\" alt=\"\" \/>\r\n<\/div><\/a>\n<\/div>\n <\/div><\/figure>\n<figure class=\"gt3pg_gallery-item gt3pg_element\"><div class=\"gt3pg_item_main_wrapper\"><div class=\"gt3pg_item-wrapper\"><a href=\"https:\/\/me.aau.at\/~bemeixne\/zumsee\/wp-content\/uploads\/IMG_0312-300x225.jpg\" class=\"gt3pg_swipebox \" data-description=\"\"><div class=\"gt3pg_img_wrap landscape\" style=\"background-image: url(https:\/\/me.aau.at\/~bemeixne\/zumsee\/wp-content\/uploads\/IMG_0312-300x225.jpg);\" data-width=\"4032\" data-height=\"3024\" data-i=\"2\" >\r\n<img decoding=\"async\" src=\"https:\/\/me.aau.at\/~bemeixne\/zumsee\/wp-content\/uploads\/IMG_0312-300x225.jpg\" title=\"Wohnung Nr. 3\" alt=\"\" \/>\r\n<\/div><\/a>\n<\/div>\n <\/div><\/figure>\n<figure class=\"gt3pg_gallery-item gt3pg_element\"><div class=\"gt3pg_item_main_wrapper\"><div class=\"gt3pg_item-wrapper\"><a href=\"https:\/\/me.aau.at\/~bemeixne\/zumsee\/wp-content\/uploads\/IMG_0309-300x225.jpg\" class=\"gt3pg_swipebox \" data-description=\"\"><div class=\"gt3pg_img_wrap landscape\" style=\"background-image: url(https:\/\/me.aau.at\/~bemeixne\/zumsee\/wp-content\/uploads\/IMG_0309-300x225.jpg);\" data-width=\"4032\" data-height=\"3024\" data-i=\"3\" >\r\n<img decoding=\"async\" src=\"https:\/\/me.aau.at\/~bemeixne\/zumsee\/wp-content\/uploads\/IMG_0309-300x225.jpg\" title=\"Wohnung Nr. 3\" alt=\"\" \/>\r\n<\/div><\/a>\n<\/div>\n <\/div><\/figure>\n<figure class=\"gt3pg_gallery-item gt3pg_element\"><div class=\"gt3pg_item_main_wrapper\"><div class=\"gt3pg_item-wrapper\"><a href=\"https:\/\/me.aau.at\/~bemeixne\/zumsee\/wp-content\/uploads\/IMG_0551-1-300x225.jpg\" class=\"gt3pg_swipebox \" data-description=\"\"><div class=\"gt3pg_img_wrap landscape\" style=\"background-image: url(https:\/\/me.aau.at\/~bemeixne\/zumsee\/wp-content\/uploads\/IMG_0551-1-300x225.jpg);\" data-width=\"4032\" data-height=\"3024\" data-i=\"4\" >\r\n<img decoding=\"async\" src=\"https:\/\/me.aau.at\/~bemeixne\/zumsee\/wp-content\/uploads\/IMG_0551-1-300x225.jpg\" title=\"Wohnung Nr. 3\" alt=\"\" \/>\r\n<\/div><\/a>\n<\/div>\n <\/div><\/figure>\n<figure class=\"gt3pg_gallery-item gt3pg_element\"><div class=\"gt3pg_item_main_wrapper\"><div class=\"gt3pg_item-wrapper\"><a href=\"https:\/\/me.aau.at\/~bemeixne\/zumsee\/wp-content\/uploads\/IMG_0531-1-300x225.jpg\" class=\"gt3pg_swipebox \" data-description=\"\"><div class=\"gt3pg_img_wrap landscape\" style=\"background-image: url(https:\/\/me.aau.at\/~bemeixne\/zumsee\/wp-content\/uploads\/IMG_0531-1-300x225.jpg);\" data-width=\"4032\" data-height=\"3024\" data-i=\"5\" >\r\n<img decoding=\"async\" src=\"https:\/\/me.aau.at\/~bemeixne\/zumsee\/wp-content\/uploads\/IMG_0531-1-300x225.jpg\" title=\"Wohnung Nr. 3\" alt=\"\" \/>\r\n<\/div><\/a>\n<\/div>\n <\/div><\/figure>\n<figure class=\"gt3pg_gallery-item gt3pg_element\"><div class=\"gt3pg_item_main_wrapper\"><div class=\"gt3pg_item-wrapper\"><a href=\"https:\/\/me.aau.at\/~bemeixne\/zumsee\/wp-content\/uploads\/IMG_0535-1-300x225.jpg\" class=\"gt3pg_swipebox \" data-description=\"\"><div class=\"gt3pg_img_wrap landscape\" style=\"background-image: url(https:\/\/me.aau.at\/~bemeixne\/zumsee\/wp-content\/uploads\/IMG_0535-1-300x225.jpg);\" data-width=\"4032\" data-height=\"3024\" data-i=\"6\" >\r\n<img decoding=\"async\" src=\"https:\/\/me.aau.at\/~bemeixne\/zumsee\/wp-content\/uploads\/IMG_0535-1-300x225.jpg\" title=\"Wohnung Nr. 3\" alt=\"\" \/>\r\n<\/div><\/a>\n<\/div>\n <\/div><\/figure>\n<figure class=\"gt3pg_gallery-item gt3pg_element\"><div class=\"gt3pg_item_main_wrapper\"><div class=\"gt3pg_item-wrapper\"><a href=\"https:\/\/me.aau.at\/~bemeixne\/zumsee\/wp-content\/uploads\/IMG_0537-2-225x300.jpg\" class=\"gt3pg_swipebox \" data-description=\"\"><div class=\"gt3pg_img_wrap portrait\" style=\"background-image: url(https:\/\/me.aau.at\/~bemeixne\/zumsee\/wp-content\/uploads\/IMG_0537-2-225x300.jpg);\" data-width=\"3024\" data-height=\"4032\" data-i=\"7\" >\r\n<img decoding=\"async\" src=\"https:\/\/me.aau.at\/~bemeixne\/zumsee\/wp-content\/uploads\/IMG_0537-2-225x300.jpg\" title=\"Wohnung Nr. 3\" alt=\"\" \/>\r\n<\/div><\/a>\n<\/div>\n <\/div><\/figure>\n<\/div>\n <style type='text\/css'>\r\n\t\t\t#gt3pg_gallery1 .gt3pg_item_main_wrapper {\r\n\t\t\t\tpadding: 15px\r\n\t\t\t}\r\n\t\t\t<\/style>\n\t\t\n","protected":false},"excerpt":{"rendered":"<p>45m\u00b2 &#8211; bis 3 Personen. Vorraum, Wohnraum mit Doppelbett-Zimmer (durch Vorhang getrennt), K\u00fcche mit E\u00dfbar, zus\u00e4tzlich ein Einbett-Zimmer, Bad mit Dusche und Bidet, extra WC, Balkon zum See.<\/p>\n","protected":false},"author":1,"featured_media":0,"parent":0,"menu_order":3,"comment_status":"closed","ping_status":"closed","template":"","meta":{"footnotes":""},"class_list":["post-70","page","type-page","status-publish","hentry"],"_links":{"self":[{"href":"https:\/\/me.aau.at\/~bemeixne\/zumsee\/wp-json\/wp\/v2\/pages\/70","targetHints":{"allow":["GET"]}}],"collection":[{"href":"https:\/\/me.aau.at\/~bemeixne\/zumsee\/wp-json\/wp\/v2\/pages"}],"about":[{"href":"https:\/\/me.aau.at\/~bemeixne\/zumsee\/wp-json\/wp\/v2\/types\/page"}],"author":[{"embeddable":true,"href":"https:\/\/me.aau.at\/~bemeixne\/zumsee\/wp-json\/wp\/v2\/users\/1"}],"replies":[{"embeddable":true,"href":"https:\/\/me.aau.at\/~bemeixne\/zumsee\/wp-json\/wp\/v2\/comments?post=70"}],"version-history":[{"count":5,"href":"https:\/\/me.aau.at\/~bemeixne\/zumsee\/wp-json\/wp\/v2\/pages\/70\/revisions"}],"predecessor-version":[{"id":332,"href":"https:\/\/me.aau.at\/~bemeixne\/zumsee\/wp-json\/wp\/v2\/pages\/70\/revisions\/332"}],"wp:attachment":[{"href":"https:\/\/me.aau.at\/~bemeixne\/zumsee\/wp-json\/wp\/v2\/media?parent=70"}],"curies":[{"name":"wp","href":"https:\/\/api.w.org\/{rel}","templated":true}]}}